{"id":8,"date":"2014-05-12T20:27:58","date_gmt":"2014-05-12T18:27:58","guid":{"rendered":"http:\/\/wordpress.phonophon.de\/?page_id=8"},"modified":"2014-05-21T23:16:44","modified_gmt":"2014-05-21T21:16:44","slug":"verein","status":"publish","type":"page","link":"https:\/\/www.phonographie.org\/?page_id=8","title":{"rendered":"<span class=\"raindrops_unique_identifier\">[Article 8]<\/span>Verein"},"content":{"rendered":"<div>\n<p><a href=\"https:\/\/www.phonographie.org\/wp-content\/uploads\/2014\/05\/phonophon_logo_klein1.png\"><img loading=\"lazy\" decoding=\"async\" class=\"alignright wp-image-414 size-full\" src=\"https:\/\/www.phonographie.org\/wp-content\/uploads\/2014\/05\/phonophon_logo_klein1.png\" alt=\"phonophon_logo_klein\" width=\"269\" height=\"171\" \/><\/a>Der Verein zur F\u00f6rderung von Phonographie und experimenteller Musik will der elektro-akustischen Musik neue Impulse geben. Die Stadt Frankfurt am Main und ihr kulturelles Leben bilden den Mittelpunkt seiner Arbeit, aber er versteht sich zugleich als eine Plattform f\u00fcr die nationale und internationale Vernetzung zwischen K\u00fcnstlern.<\/p>\n<p>Der gemeinn\u00fctzige Verein macht sich die Vorstellung von phonographischer und experimenteller Klangkunst f\u00fcr eine gro\u00dfe Breite an Interessierten zur Aufgabe. Daneben widmet er sich der Vermittlung von Tonkunst und veranstaltet Seminare zur Geschichte und dem technischen Hintergrund von Klangerzeugungen und Tonaufnahmen. Den dritten Schwerpunkt der Vereinsarbeit bildet schlie\u00dflich die F\u00f6rderung junger Nachwuchsk\u00fcnstler.<\/p>\n<\/div>\n","protected":false},"excerpt":{"rendered":"<p>Der Verein zur F\u00f6rderung von Phonographie und experimenteller Musik will der elektro-akustischen Musik neue Impulse geben. Die Stadt Frankfurt am Main und ihr kulturelles Leben bilden den Mittelpunkt seiner Arbeit, aber er versteht sich zugleich als eine Plattform f\u00fcr die nationale und internationale Vernetzung zwischen K\u00fcnstlern. Der gemeinn\u00fctzige Verein macht sich die Vorstellung von phonographischer [&hellip;]<\/p>\n","protected":false},"author":1,"featured_media":0,"parent":0,"menu_order":1,"comment_status":"closed","ping_status":"closed","template":"","meta":{"footnotes":""},"class_list":["post-8","page","type-page","status-publish","hentry"],"_links":{"self":[{"href":"https:\/\/www.phonographie.org\/index.php?rest_route=\/wp\/v2\/pages\/8","targetHints":{"allow":["GET"]}}],"collection":[{"href":"https:\/\/www.phonographie.org\/index.php?rest_route=\/wp\/v2\/pages"}],"about":[{"href":"https:\/\/www.phonographie.org\/index.php?rest_route=\/wp\/v2\/types\/page"}],"author":[{"embeddable":true,"href":"https:\/\/www.phonographie.org\/index.php?rest_route=\/wp\/v2\/users\/1"}],"replies":[{"embeddable":true,"href":"https:\/\/www.phonographie.org\/index.php?rest_route=%2Fwp%2Fv2%2Fcomments&post=8"}],"version-history":[{"count":7,"href":"https:\/\/www.phonographie.org\/index.php?rest_route=\/wp\/v2\/pages\/8\/revisions"}],"predecessor-version":[{"id":416,"href":"https:\/\/www.phonographie.org\/index.php?rest_route=\/wp\/v2\/pages\/8\/revisions\/416"}],"wp:attachment":[{"href":"https:\/\/www.phonographie.org\/index.php?rest_route=%2Fwp%2Fv2%2Fmedia&parent=8"}],"curies":[{"name":"wp","href":"https:\/\/api.w.org\/{rel}","templated":true}]}}