{"id":1232,"date":"2016-03-18T18:26:42","date_gmt":"2016-03-18T16:26:42","guid":{"rendered":"http:\/\/www.phonographie.org\/?page_id=1232"},"modified":"2016-03-18T18:26:42","modified_gmt":"2016-03-18T16:26:42","slug":"compilation","status":"publish","type":"page","link":"https:\/\/www.phonographie.org\/?page_id=1232","title":{"rendered":"<span class=\"raindrops_unique_identifier\">[Article 1232]<\/span>Compilation"},"content":{"rendered":"<p>Die Compilation zur Feier von 5 Jahren Phonophon ist jetzt erschienen! Danke an alle die beigetragen, gespielt, besucht &amp; unterst\u00fctzt haben! Man kann die (Doppel-)CD gegen eine Spende von 10 Euro (oder mehr) bei unserer n\u00e4chsten Veranstaltung erwerben &#8211; oder f\u00fcr 12 Euro (oder mehr) \u00fcberall auf der Welt geschickt bekommen. Der Erl\u00f6s wird direkt f\u00fcr weitere Konzerte, Workshops und was auch immer uns noch f\u00fcr Sachen einfallen verwendet.<br \/>\nMehr Informationen, H\u00f6rproben, Informationen zu den K\u00fcnstlern etc. hier: <a href=\"https:\/\/compilation.phonophon.de\/\" target=\"_blank\">https:\/<wbr>\/<wbr>compilation.phonophon.de\/<wbr><\/a><\/p>\n<p>The compilation to celebrate 5 years of Phonophon is finally here! Thanks to everybody that contributed, played, attended and supported us! The CD is yours for a donation of 10 Euro (or more) if you buy it at the next event, or 12 Euro (or more) to get it shipped anywhere in the world. All proceeds to directly into concerts, workshops and whatever other projects we might come up.<br \/>\nMore information, sound bites, artist info etc. here: <a href=\"https:\/\/compilation.phonophon.de\/\" target=\"_blank\">https:\/<wbr>\/<wbr>compilation.phonophon.de\/<wbr><\/a><\/p>\n<p><a href=\"https:\/\/www.phonographie.org\/wp-content\/uploads\/2014\/12\/Phonophon-5-Years-Compilation.jpg\"><img loading=\"lazy\" decoding=\"async\" class=\"alignnone size-full wp-image-720\" src=\"https:\/\/www.phonographie.org\/wp-content\/uploads\/2014\/12\/Phonophon-5-Years-Compilation.jpg\" alt=\"Phonophon 5 Years Compilation\" width=\"526\" height=\"446\" srcset=\"https:\/\/www.phonographie.org\/wp-content\/uploads\/2014\/12\/Phonophon-5-Years-Compilation.jpg 526w, https:\/\/www.phonographie.org\/wp-content\/uploads\/2014\/12\/Phonophon-5-Years-Compilation-300x254.jpg 300w\" sizes=\"auto, (max-width: 526px) 100vw, 526px\" \/><\/a><\/p>\n","protected":false},"excerpt":{"rendered":"<p>Die Compilation zur Feier von 5 Jahren Phonophon ist jetzt erschienen! Danke an alle die beigetragen, gespielt, besucht &amp; unterst\u00fctzt haben! Man kann die (Doppel-)CD gegen eine Spende von 10 Euro (oder mehr) bei unserer n\u00e4chsten Veranstaltung erwerben &#8211; oder f\u00fcr 12 Euro (oder mehr) \u00fcberall auf der Welt geschickt bekommen. Der Erl\u00f6s wird direkt [&hellip;]<\/p>\n","protected":false},"author":1,"featured_media":0,"parent":0,"menu_order":4,"comment_status":"closed","ping_status":"closed","template":"","meta":{"footnotes":""},"class_list":["post-1232","page","type-page","status-publish","hentry"],"_links":{"self":[{"href":"https:\/\/www.phonographie.org\/index.php?rest_route=\/wp\/v2\/pages\/1232","targetHints":{"allow":["GET"]}}],"collection":[{"href":"https:\/\/www.phonographie.org\/index.php?rest_route=\/wp\/v2\/pages"}],"about":[{"href":"https:\/\/www.phonographie.org\/index.php?rest_route=\/wp\/v2\/types\/page"}],"author":[{"embeddable":true,"href":"https:\/\/www.phonographie.org\/index.php?rest_route=\/wp\/v2\/users\/1"}],"replies":[{"embeddable":true,"href":"https:\/\/www.phonographie.org\/index.php?rest_route=%2Fwp%2Fv2%2Fcomments&post=1232"}],"version-history":[{"count":1,"href":"https:\/\/www.phonographie.org\/index.php?rest_route=\/wp\/v2\/pages\/1232\/revisions"}],"predecessor-version":[{"id":1234,"href":"https:\/\/www.phonographie.org\/index.php?rest_route=\/wp\/v2\/pages\/1232\/revisions\/1234"}],"wp:attachment":[{"href":"https:\/\/www.phonographie.org\/index.php?rest_route=%2Fwp%2Fv2%2Fmedia&parent=1232"}],"curies":[{"name":"wp","href":"https:\/\/api.w.org\/{rel}","templated":true}]}}