{"id":12,"date":"2014-05-12T20:30:27","date_gmt":"2014-05-12T18:30:27","guid":{"rendered":"http:\/\/wordpress.phonophon.de\/?page_id=12"},"modified":"2017-01-22T19:39:24","modified_gmt":"2017-01-22T17:39:24","slug":"mitgliedschaft","status":"publish","type":"page","link":"https:\/\/www.phonographie.org\/?page_id=12","title":{"rendered":"<span class=\"raindrops_unique_identifier\">[Article 12]<\/span>Mitgliedschaft"},"content":{"rendered":"<p>Wenn Sie Mitglied im Verein zur F\u00f6rderung von Phonographie und experimenteller Musik werden wollen, schreiben Sie uns einfach eine E-Mail:<\/p>\n<p>info [at] phonographie.org<\/p>\n<p>Der Mitgliedsbeitrag betr\u00e4gt pro Jahr 25 Euro, es kann gerne aber auch mehr \u00fcberwiesen werden.<\/p>\n<p>Eine Bescheinigung \u00fcber den Mitgliedsbeitrag &amp; Spenden wird auf Wunsch ausgestellt. Bitte auf folgendes Konto \u00fcberweisen:<\/p>\n<p>Achtung, \u00dcberweiung ab sofort nur noch mit BIC\/IBAN m\u00f6glich.<\/p>\n<p>Kontoinhaber: VzF von Phonographie und experimenteller Musik e.V.<br \/>\nVerwendungszweck: &#8222;Mitgliedsbeitrag&#8220; &amp; Adresse<br \/>\nIBAN: DE16430609676008870200<br \/>\nBIC: GENODEM1GLS<\/p>\n<p>Alternativ kann der Vereinsbeitrag auch mit PayPal gezahlt werden (Link f\u00fchrt zur PayPal-Seite):<\/p>\n<p>paypal [at] phonographie.org<\/p>\n","protected":false},"excerpt":{"rendered":"<p>Wenn Sie Mitglied im Verein zur F\u00f6rderung von Phonographie und experimenteller Musik werden wollen, schreiben Sie uns einfach eine E-Mail: info [at] phonographie.org Der Mitgliedsbeitrag betr\u00e4gt pro Jahr 25 Euro, es kann gerne aber auch mehr \u00fcberwiesen werden. Eine Bescheinigung \u00fcber den Mitgliedsbeitrag &amp; Spenden wird auf Wunsch ausgestellt. Bitte auf folgendes Konto \u00fcberweisen: Achtung, [&hellip;]<\/p>\n","protected":false},"author":1,"featured_media":0,"parent":0,"menu_order":5,"comment_status":"closed","ping_status":"closed","template":"","meta":{"footnotes":""},"class_list":["post-12","page","type-page","status-publish","hentry"],"_links":{"self":[{"href":"https:\/\/www.phonographie.org\/index.php?rest_route=\/wp\/v2\/pages\/12","targetHints":{"allow":["GET"]}}],"collection":[{"href":"https:\/\/www.phonographie.org\/index.php?rest_route=\/wp\/v2\/pages"}],"about":[{"href":"https:\/\/www.phonographie.org\/index.php?rest_route=\/wp\/v2\/types\/page"}],"author":[{"embeddable":true,"href":"https:\/\/www.phonographie.org\/index.php?rest_route=\/wp\/v2\/users\/1"}],"replies":[{"embeddable":true,"href":"https:\/\/www.phonographie.org\/index.php?rest_route=%2Fwp%2Fv2%2Fcomments&post=12"}],"version-history":[{"count":3,"href":"https:\/\/www.phonographie.org\/index.php?rest_route=\/wp\/v2\/pages\/12\/revisions"}],"predecessor-version":[{"id":1525,"href":"https:\/\/www.phonographie.org\/index.php?rest_route=\/wp\/v2\/pages\/12\/revisions\/1525"}],"wp:attachment":[{"href":"https:\/\/www.phonographie.org\/index.php?rest_route=%2Fwp%2Fv2%2Fmedia&parent=12"}],"curies":[{"name":"wp","href":"https:\/\/api.w.org\/{rel}","templated":true}]}}